{"id":1540,"date":"2025-01-22T18:00:19","date_gmt":"2025-01-22T18:00:19","guid":{"rendered":"https:\/\/charmcollection.gr\/notre-engagement\/"},"modified":"2025-05-16T13:36:04","modified_gmt":"2025-05-16T13:36:04","slug":"notre-engagement","status":"publish","type":"page","link":"https:\/\/charmcollection.gr\/fr\/notre-engagement\/","title":{"rendered":"Notre engagement"},"content":{"rendered":"\t\t<div data-elementor-type=\"wp-page\" data-elementor-id=\"1540\" class=\"elementor elementor-1540 elementor-94\" data-elementor-post-type=\"page\">\n\t\t\t\t<div class=\"elementor-element elementor-element-10f4f10 e-con-full e-flex e-con e-parent\" data-id=\"10f4f10\" data-element_type=\"container\" data-e-type=\"container\" data-settings=\"{&quot;background_background&quot;:&quot;classic&quot;}\">\n\t\t<div class=\"elementor-element elementor-element-680d849 e-con-full e-flex e-con e-child\" data-id=\"680d849\" data-element_type=\"container\" data-e-type=\"container\">\n\t\t\t\t<div class=\"elementor-element elementor-element-86b233f elementor-widget elementor-widget-spacer\" data-id=\"86b233f\" data-element_type=\"widget\" data-e-type=\"widget\" data-widget_type=\"spacer.default\">\n\t\t\t\t<div class=\"elementor-widget-container\">\n\t\t\t\t\t\t\t<div class=\"elementor-spacer\">\n\t\t\t<div class=\"elementor-spacer-inner\"><\/div>\n\t\t<\/div>\n\t\t\t\t\t\t<\/div>\n\t\t\t\t<\/div>\n\t\t\t\t<div class=\"elementor-element elementor-element-20c0ab9 elementor-widget elementor-widget-heading\" data-id=\"20c0ab9\" data-element_type=\"widget\" data-e-type=\"widget\" data-widget_type=\"heading.default\">\n\t\t\t\t<div class=\"elementor-widget-container\">\n\t\t\t\t\t<h2 class=\"elementor-heading-title elementor-size-default\">Notre engagement\n<\/h2>\t\t\t\t<\/div>\n\t\t\t\t<\/div>\n\t\t\t\t<\/div>\n\t\t<div class=\"elementor-element elementor-element-512104f e-con-full e-flex e-con e-child\" data-id=\"512104f\" data-element_type=\"container\" data-e-type=\"container\" data-settings=\"{&quot;background_background&quot;:&quot;classic&quot;}\">\n\t\t\t\t<div class=\"elementor-element elementor-element-91f8473 elementor-widget__width-initial elementor-widget elementor-widget-heading\" data-id=\"91f8473\" data-element_type=\"widget\" data-e-type=\"widget\" data-widget_type=\"heading.default\">\n\t\t\t\t<div class=\"elementor-widget-container\">\n\t\t\t\t\t<h2 class=\"elementor-heading-title elementor-size-default\">Un engagement pour l'excellence<\/h2>\t\t\t\t<\/div>\n\t\t\t\t<\/div>\n\t\t\t\t<div class=\"elementor-element elementor-element-ae04347 elementor-widget__width-initial elementor-widget elementor-widget-heading\" data-id=\"ae04347\" data-element_type=\"widget\" data-e-type=\"widget\" data-widget_type=\"heading.default\">\n\t\t\t\t<div class=\"elementor-widget-container\">\n\t\t\t\t\t<h2 class=\"elementor-heading-title elementor-size-default\">Chez Charm Collection, nous croyons en la cr\u00e9ation d'espaces qui inspirent la d\u00e9tente, la connexion et l'\u00e9merveillement. Chaque propri\u00e9t\u00e9 est soigneusement con\u00e7ue pour refl\u00e9ter nos aspirations fondamentales. <\/h2>\t\t\t\t<\/div>\n\t\t\t\t<\/div>\n\t\t\t\t<\/div>\n\t\t\t\t<\/div>\n\t\t<div class=\"elementor-element elementor-element-3a0a74c e-flex e-con-boxed e-con e-parent\" data-id=\"3a0a74c\" data-element_type=\"container\" data-e-type=\"container\" data-settings=\"{&quot;background_background&quot;:&quot;classic&quot;}\">\n\t\t\t\t\t<div class=\"e-con-inner\">\n\t\t<div class=\"elementor-element elementor-element-3a3559b e-con-full e-flex e-con e-child\" data-id=\"3a3559b\" data-element_type=\"container\" data-e-type=\"container\">\n\t\t<div class=\"elementor-element elementor-element-f44cc39 e-con-full e-flex e-con e-child\" data-id=\"f44cc39\" data-element_type=\"container\" data-e-type=\"container\">\n\t\t\t\t<div class=\"elementor-element elementor-element-2fc073c elementor-widget elementor-widget-heading\" data-id=\"2fc073c\" data-element_type=\"widget\" data-e-type=\"widget\" data-widget_type=\"heading.default\">\n\t\t\t\t<div class=\"elementor-widget-container\">\n\t\t\t\t\t<h2 class=\"elementor-heading-title elementor-size-default\">Luxe<\/h2>\t\t\t\t<\/div>\n\t\t\t\t<\/div>\n\t\t\t\t<div class=\"elementor-element elementor-element-d194501 elementor-widget__width-initial elementor-widget elementor-widget-heading\" data-id=\"d194501\" data-element_type=\"widget\" data-e-type=\"widget\" data-widget_type=\"heading.default\">\n\t\t\t\t<div class=\"elementor-widget-container\">\n\t\t\t\t\t<h2 class=\"elementor-heading-title elementor-size-default\">Des int\u00e9rieurs \u00e9l\u00e9gants aux commodit\u00e9s exclusives, chaque d\u00e9tail est con\u00e7u pour votre confort et votre plaisir. <\/h2>\t\t\t\t<\/div>\n\t\t\t\t<\/div>\n\t\t\t\t<\/div>\n\t\t<div class=\"elementor-element elementor-element-0f4ee7e e-con-full e-flex e-con e-child\" data-id=\"0f4ee7e\" data-element_type=\"container\" data-e-type=\"container\">\n\t\t\t\t<div class=\"elementor-element elementor-element-aaae54e elementor-widget elementor-widget-heading\" data-id=\"aaae54e\" data-element_type=\"widget\" data-e-type=\"widget\" data-widget_type=\"heading.default\">\n\t\t\t\t<div class=\"elementor-widget-container\">\n\t\t\t\t\t<h2 class=\"elementor-heading-title elementor-size-default\">Proximit\u00e9 de la mer<\/h2>\t\t\t\t<\/div>\n\t\t\t\t<\/div>\n\t\t\t\t<div class=\"elementor-element elementor-element-ae38e81 elementor-widget__width-initial elementor-widget elementor-widget-heading\" data-id=\"ae38e81\" data-element_type=\"widget\" data-e-type=\"widget\" data-widget_type=\"heading.default\">\n\t\t\t\t<div class=\"elementor-widget-container\">\n\t\t\t\t\t<h2 class=\"elementor-heading-title elementor-size-default\">Situ\u00e9es dans certains des endroits c\u00f4tiers les plus \u00e9poustouflants de Chania, nos propri\u00e9t\u00e9s mettent la beaut\u00e9 de la Cr\u00e8te \u00e0 votre porte. <\/h2>\t\t\t\t<\/div>\n\t\t\t\t<\/div>\n\t\t\t\t<\/div>\n\t\t<div class=\"elementor-element elementor-element-e0d481c e-con-full e-flex e-con e-child\" data-id=\"e0d481c\" data-element_type=\"container\" data-e-type=\"container\">\n\t\t\t\t<div class=\"elementor-element elementor-element-766a0c7 elementor-widget elementor-widget-heading\" data-id=\"766a0c7\" data-element_type=\"widget\" data-e-type=\"widget\" data-widget_type=\"heading.default\">\n\t\t\t\t<div class=\"elementor-widget-container\">\n\t\t\t\t\t<h2 class=\"elementor-heading-title elementor-size-default\">L'hospitalit\u00e9<\/h2>\t\t\t\t<\/div>\n\t\t\t\t<\/div>\n\t\t\t\t<div class=\"elementor-element elementor-element-99a5441 elementor-widget__width-initial elementor-widget elementor-widget-heading\" data-id=\"99a5441\" data-element_type=\"widget\" data-e-type=\"widget\" data-widget_type=\"heading.default\">\n\t\t\t\t<div class=\"elementor-widget-container\">\n\t\t\t\t\t<h2 class=\"elementor-heading-title elementor-size-default\">Nous sommes fiers de fournir un service chaleureux et personnalis\u00e9 pour garantir que votre s\u00e9jour soit sans faille et inoubliable. \n<\/h2>\t\t\t\t<\/div>\n\t\t\t\t<\/div>\n\t\t\t\t<\/div>\n\t\t<div class=\"elementor-element elementor-element-6b5fa3e e-con-full e-flex e-con e-child\" data-id=\"6b5fa3e\" data-element_type=\"container\" data-e-type=\"container\" data-settings=\"{&quot;background_background&quot;:&quot;classic&quot;}\">\n\t\t\t\t<div class=\"elementor-element elementor-element-75030cb elementor-widget__width-initial elementor-widget elementor-widget-heading\" data-id=\"75030cb\" data-element_type=\"widget\" data-e-type=\"widget\" data-widget_type=\"heading.default\">\n\t\t\t\t<div class=\"elementor-widget-container\">\n\t\t\t\t\t<h2 class=\"elementor-heading-title elementor-size-default\">Laissez-nous vous accueillir dans la Charm Collection, o\u00f9 chaque s\u00e9jour est con\u00e7u pour \u00eatre extraordinaire. <\/h2>\t\t\t\t<\/div>\n\t\t\t\t<\/div>\n\t\t<div class=\"elementor-element elementor-element-7431b60 e-con-full e-flex e-con e-child\" data-id=\"7431b60\" data-element_type=\"container\" data-e-type=\"container\">\n\t\t<div class=\"elementor-element elementor-element-3d56e7d e-con-full e-flex e-con e-child\" data-id=\"3d56e7d\" data-element_type=\"container\" data-e-type=\"container\">\n\t\t\t\t<div class=\"elementor-element elementor-element-4443b61 elementor-align-right elementor-mobile-align-center elementor-tablet-align-center elementor-widget elementor-widget-button\" data-id=\"4443b61\" data-element_type=\"widget\" data-e-type=\"widget\" data-widget_type=\"button.default\">\n\t\t\t\t<div class=\"elementor-widget-container\">\n\t\t\t\t\t\t\t\t\t<div class=\"elementor-button-wrapper\">\n\t\t\t\t\t<a class=\"elementor-button elementor-button-link elementor-size-sm elementor-animation-bob\" href=\"https:\/\/venetianharbourresidence.reserve-online.net\/\">\n\t\t\t\t\t\t<span class=\"elementor-button-content-wrapper\">\n\t\t\t\t\t\t\t\t\t<span class=\"elementor-button-text\">R\u00c9SERVEZ Venetian Harbour Residence<\/span>\n\t\t\t\t\t<\/span>\n\t\t\t\t\t<\/a>\n\t\t\t\t<\/div>\n\t\t\t\t\t\t\t\t<\/div>\n\t\t\t\t<\/div>\n\t\t\t\t<\/div>\n\t\t<div class=\"elementor-element elementor-element-b5bf319 e-con-full e-flex e-con e-child\" data-id=\"b5bf319\" data-element_type=\"container\" data-e-type=\"container\">\n\t\t\t\t<div class=\"elementor-element elementor-element-98b892d elementor-align-right elementor-tablet-align-center elementor-widget elementor-widget-button\" data-id=\"98b892d\" data-element_type=\"widget\" data-e-type=\"widget\" data-widget_type=\"button.default\">\n\t\t\t\t<div class=\"elementor-widget-container\">\n\t\t\t\t\t\t\t\t\t<div class=\"elementor-button-wrapper\">\n\t\t\t\t\t<a class=\"elementor-button elementor-button-link elementor-size-sm elementor-animation-bob\" href=\"https:\/\/charmcollection.gr\/fr\/villa-tersanas-en-bord-de-mer\/\">\n\t\t\t\t\t\t<span class=\"elementor-button-content-wrapper\">\n\t\t\t\t\t\t\t\t\t<span class=\"elementor-button-text\">d\u00e9couvrez Tersanas Beachfront Villa<\/span>\n\t\t\t\t\t<\/span>\n\t\t\t\t\t<\/a>\n\t\t\t\t<\/div>\n\t\t\t\t\t\t\t\t<\/div>\n\t\t\t\t<\/div>\n\t\t\t\t<\/div>\n\t\t\t\t<\/div>\n\t\t\t\t<\/div>\n\t\t\t\t<\/div>\n\t\t\t\t\t<\/div>\n\t\t\t\t<\/div>\n\t\t\t\t<\/div>\n\t\t","protected":false},"excerpt":{"rendered":"<p>Notre engagement Un engagement pour l&rsquo;excellence Chez Charm Collection, nous croyons en la cr\u00e9ation d&rsquo;espaces qui inspirent la d\u00e9tente, la connexion et l&rsquo;\u00e9merveillement. Chaque propri\u00e9t\u00e9 est soigneusement con\u00e7ue pour refl\u00e9ter nos aspirations fondamentales. Luxe Des int\u00e9rieurs \u00e9l\u00e9gants aux commodit\u00e9s exclusives, chaque d\u00e9tail est con\u00e7u pour votre confort et votre plaisir. Proximit\u00e9 de la mer Situ\u00e9es [&hellip;]<\/p>\n","protected":false},"author":2,"featured_media":0,"parent":0,"menu_order":0,"comment_status":"closed","ping_status":"closed","template":"elementor_header_footer","meta":{"footnotes":""},"class_list":["post-1540","page","type-page","status-publish","hentry"],"yoast_head":"<!-- This site is optimized with the Yoast SEO plugin v27.4 - https:\/\/yoast.com\/product\/yoast-seo-wordpress\/ -->\n<title>Nos valeurs | Charm Collection - Hospitalit\u00e9 de luxe \u00e0 Chania<\/title>\n<meta name=\"description\" content=\"\u00c0 Charm Collection, le luxe, la beaut\u00e9 du littoral et l&#039;hospitalit\u00e9 chaleureuse sont \u00e0 l&#039;honneur. D\u00e9couvrez les valeurs qui d\u00e9finissent chaque s\u00e9jour dans nos r\u00e9sidences cr\u00e9toises exclusives.\" \/>\n<meta name=\"robots\" content=\"index, follow, max-snippet:-1, max-image-preview:large, max-video-preview:-1\" \/>\n<link rel=\"canonical\" href=\"https:\/\/charmcollection.gr\/our-commitment\/\" \/>\n<meta property=\"og:locale\" content=\"fr_FR\" \/>\n<meta property=\"og:type\" content=\"article\" \/>\n<meta property=\"og:title\" content=\"Nos valeurs | Charm Collection - Hospitalit\u00e9 de luxe \u00e0 Chania\" \/>\n<meta property=\"og:description\" content=\"\u00c0 Charm Collection, le luxe, la beaut\u00e9 du littoral et l&#039;hospitalit\u00e9 chaleureuse sont \u00e0 l&#039;honneur. D\u00e9couvrez les valeurs qui d\u00e9finissent chaque s\u00e9jour dans nos r\u00e9sidences cr\u00e9toises exclusives.\" \/>\n<meta property=\"og:url\" content=\"https:\/\/charmcollection.gr\/our-commitment\/\" \/>\n<meta property=\"og:site_name\" content=\"Charm Collection\" \/>\n<meta property=\"article:modified_time\" content=\"2025-05-16T13:36:04+00:00\" \/>\n<meta name=\"twitter:card\" content=\"summary_large_image\" \/>\n<meta name=\"twitter:label1\" content=\"Dur\u00e9e de lecture estim\u00e9e\" \/>\n\t<meta name=\"twitter:data1\" content=\"1 minute\" \/>\n<script type=\"application\/ld+json\" class=\"yoast-schema-graph\">{\"@context\":\"https:\\\/\\\/schema.org\",\"@graph\":[{\"@type\":\"WebPage\",\"@id\":\"https:\\\/\\\/charmcollection.gr\\\/our-commitment\\\/\",\"url\":\"https:\\\/\\\/charmcollection.gr\\\/our-commitment\\\/\",\"name\":\"Nos valeurs | Charm Collection - Hospitalit\u00e9 de luxe \u00e0 Chania\",\"isPartOf\":{\"@id\":\"https:\\\/\\\/charmcollection.gr\\\/#website\"},\"datePublished\":\"2025-01-22T18:00:19+00:00\",\"dateModified\":\"2025-05-16T13:36:04+00:00\",\"description\":\"\u00c0 Charm Collection, le luxe, la beaut\u00e9 du littoral et l'hospitalit\u00e9 chaleureuse sont \u00e0 l'honneur. D\u00e9couvrez les valeurs qui d\u00e9finissent chaque s\u00e9jour dans nos r\u00e9sidences cr\u00e9toises exclusives.\",\"breadcrumb\":{\"@id\":\"https:\\\/\\\/charmcollection.gr\\\/our-commitment\\\/#breadcrumb\"},\"inLanguage\":\"fr-FR\",\"potentialAction\":[{\"@type\":\"ReadAction\",\"target\":[\"https:\\\/\\\/charmcollection.gr\\\/our-commitment\\\/\"]}]},{\"@type\":\"BreadcrumbList\",\"@id\":\"https:\\\/\\\/charmcollection.gr\\\/our-commitment\\\/#breadcrumb\",\"itemListElement\":[{\"@type\":\"ListItem\",\"position\":1,\"name\":\"Home\",\"item\":\"https:\\\/\\\/charmcollection.gr\\\/\"},{\"@type\":\"ListItem\",\"position\":2,\"name\":\"Notre engagement\"}]},{\"@type\":\"WebSite\",\"@id\":\"https:\\\/\\\/charmcollection.gr\\\/#website\",\"url\":\"https:\\\/\\\/charmcollection.gr\\\/\",\"name\":\"Charm Collection\",\"description\":\"\",\"publisher\":{\"@id\":\"https:\\\/\\\/charmcollection.gr\\\/#organization\"},\"potentialAction\":[{\"@type\":\"SearchAction\",\"target\":{\"@type\":\"EntryPoint\",\"urlTemplate\":\"https:\\\/\\\/charmcollection.gr\\\/?s={search_term_string}\"},\"query-input\":{\"@type\":\"PropertyValueSpecification\",\"valueRequired\":true,\"valueName\":\"search_term_string\"}}],\"inLanguage\":\"fr-FR\"},{\"@type\":\"Organization\",\"@id\":\"https:\\\/\\\/charmcollection.gr\\\/#organization\",\"name\":\"Charm Collection\",\"url\":\"https:\\\/\\\/charmcollection.gr\\\/\",\"logo\":{\"@type\":\"ImageObject\",\"inLanguage\":\"fr-FR\",\"@id\":\"https:\\\/\\\/charmcollection.gr\\\/#\\\/schema\\\/logo\\\/image\\\/\",\"url\":\"https:\\\/\\\/charmcollection.gr\\\/wp-content\\\/uploads\\\/2025\\\/01\\\/CHARM-COLLECTION-1536x544-copy-1.webp\",\"contentUrl\":\"https:\\\/\\\/charmcollection.gr\\\/wp-content\\\/uploads\\\/2025\\\/01\\\/CHARM-COLLECTION-1536x544-copy-1.webp\",\"width\":1550,\"height\":580,\"caption\":\"Charm Collection\"},\"image\":{\"@id\":\"https:\\\/\\\/charmcollection.gr\\\/#\\\/schema\\\/logo\\\/image\\\/\"}}]}<\/script>\n<!-- \/ Yoast SEO plugin. -->","yoast_head_json":{"title":"Nos valeurs | Charm Collection - Hospitalit\u00e9 de luxe \u00e0 Chania","description":"\u00c0 Charm Collection, le luxe, la beaut\u00e9 du littoral et l'hospitalit\u00e9 chaleureuse sont \u00e0 l'honneur. D\u00e9couvrez les valeurs qui d\u00e9finissent chaque s\u00e9jour dans nos r\u00e9sidences cr\u00e9toises exclusives.","robots":{"index":"index","follow":"follow","max-snippet":"max-snippet:-1","max-image-preview":"max-image-preview:large","max-video-preview":"max-video-preview:-1"},"canonical":"https:\/\/charmcollection.gr\/our-commitment\/","og_locale":"fr_FR","og_type":"article","og_title":"Nos valeurs | Charm Collection - Hospitalit\u00e9 de luxe \u00e0 Chania","og_description":"\u00c0 Charm Collection, le luxe, la beaut\u00e9 du littoral et l'hospitalit\u00e9 chaleureuse sont \u00e0 l'honneur. D\u00e9couvrez les valeurs qui d\u00e9finissent chaque s\u00e9jour dans nos r\u00e9sidences cr\u00e9toises exclusives.","og_url":"https:\/\/charmcollection.gr\/our-commitment\/","og_site_name":"Charm Collection","article_modified_time":"2025-05-16T13:36:04+00:00","twitter_card":"summary_large_image","twitter_misc":{"Dur\u00e9e de lecture estim\u00e9e":"1 minute"},"schema":{"@context":"https:\/\/schema.org","@graph":[{"@type":"WebPage","@id":"https:\/\/charmcollection.gr\/our-commitment\/","url":"https:\/\/charmcollection.gr\/our-commitment\/","name":"Nos valeurs | Charm Collection - Hospitalit\u00e9 de luxe \u00e0 Chania","isPartOf":{"@id":"https:\/\/charmcollection.gr\/#website"},"datePublished":"2025-01-22T18:00:19+00:00","dateModified":"2025-05-16T13:36:04+00:00","description":"\u00c0 Charm Collection, le luxe, la beaut\u00e9 du littoral et l'hospitalit\u00e9 chaleureuse sont \u00e0 l'honneur. D\u00e9couvrez les valeurs qui d\u00e9finissent chaque s\u00e9jour dans nos r\u00e9sidences cr\u00e9toises exclusives.","breadcrumb":{"@id":"https:\/\/charmcollection.gr\/our-commitment\/#breadcrumb"},"inLanguage":"fr-FR","potentialAction":[{"@type":"ReadAction","target":["https:\/\/charmcollection.gr\/our-commitment\/"]}]},{"@type":"BreadcrumbList","@id":"https:\/\/charmcollection.gr\/our-commitment\/#breadcrumb","itemListElement":[{"@type":"ListItem","position":1,"name":"Home","item":"https:\/\/charmcollection.gr\/"},{"@type":"ListItem","position":2,"name":"Notre engagement"}]},{"@type":"WebSite","@id":"https:\/\/charmcollection.gr\/#website","url":"https:\/\/charmcollection.gr\/","name":"Charm Collection","description":"","publisher":{"@id":"https:\/\/charmcollection.gr\/#organization"},"potentialAction":[{"@type":"SearchAction","target":{"@type":"EntryPoint","urlTemplate":"https:\/\/charmcollection.gr\/?s={search_term_string}"},"query-input":{"@type":"PropertyValueSpecification","valueRequired":true,"valueName":"search_term_string"}}],"inLanguage":"fr-FR"},{"@type":"Organization","@id":"https:\/\/charmcollection.gr\/#organization","name":"Charm Collection","url":"https:\/\/charmcollection.gr\/","logo":{"@type":"ImageObject","inLanguage":"fr-FR","@id":"https:\/\/charmcollection.gr\/#\/schema\/logo\/image\/","url":"https:\/\/charmcollection.gr\/wp-content\/uploads\/2025\/01\/CHARM-COLLECTION-1536x544-copy-1.webp","contentUrl":"https:\/\/charmcollection.gr\/wp-content\/uploads\/2025\/01\/CHARM-COLLECTION-1536x544-copy-1.webp","width":1550,"height":580,"caption":"Charm Collection"},"image":{"@id":"https:\/\/charmcollection.gr\/#\/schema\/logo\/image\/"}}]}},"_links":{"self":[{"href":"https:\/\/charmcollection.gr\/fr\/wp-json\/wp\/v2\/pages\/1540","targetHints":{"allow":["GET"]}}],"collection":[{"href":"https:\/\/charmcollection.gr\/fr\/wp-json\/wp\/v2\/pages"}],"about":[{"href":"https:\/\/charmcollection.gr\/fr\/wp-json\/wp\/v2\/types\/page"}],"author":[{"embeddable":true,"href":"https:\/\/charmcollection.gr\/fr\/wp-json\/wp\/v2\/users\/2"}],"replies":[{"embeddable":true,"href":"https:\/\/charmcollection.gr\/fr\/wp-json\/wp\/v2\/comments?post=1540"}],"version-history":[{"count":9,"href":"https:\/\/charmcollection.gr\/fr\/wp-json\/wp\/v2\/pages\/1540\/revisions"}],"predecessor-version":[{"id":1838,"href":"https:\/\/charmcollection.gr\/fr\/wp-json\/wp\/v2\/pages\/1540\/revisions\/1838"}],"wp:attachment":[{"href":"https:\/\/charmcollection.gr\/fr\/wp-json\/wp\/v2\/media?parent=1540"}],"curies":[{"name":"wp","href":"https:\/\/api.w.org\/{rel}","templated":true}]}}